{"id":1422,"date":"2015-04-16T07:05:19","date_gmt":"2015-04-16T07:05:19","guid":{"rendered":"http:\/\/www.pina.si\/?page_id=1422"},"modified":"2015-08-27T11:14:20","modified_gmt":"2015-08-27T09:14:20","slug":"audio-visual-material","status":"publish","type":"page","link":"https:\/\/www.stara.pina.si\/en\/audio-visual-material\/","title":{"rendered":"<span>Audio-visual material<\/span>"},"content":{"rendered":"<h5>Get visible: Web. (2015).<\/h5>\n<p>Educational animation video for youth centres.<\/p>\n<p><iframe loading=\"lazy\" width=\"500\" height=\"281\" src=\"https:\/\/www.youtube.com\/embed\/mGAXFfY7Vx0?feature=oembed\" frameborder=\"0\" allowfullscreen><\/iframe><\/p>\n<h5>Get visible: Social media. (2015): <a href=\"https:\/\/www.youtube.com\/watch?v=QIngQ2KJl4o\" target=\"_blank\">click<\/a><br \/>\nGet visible: Multimedia. (2015): <a href=\"https:\/\/www.youtube.com\/watch?v=kMPSUcuBOfQ\" target=\"_blank\">click<\/a><\/h5>\n<p>&nbsp;<\/p>\n<h5><a href=\"https:\/\/www.youtube.com\/watch?v=sV6VVAaYa4Y\" target=\"_blank\">GLAS MLADIH.<\/a> (2012).<\/h5>\n<p>DVD of the Slovenian-Italian didactic films with subtitles in seven languages<br \/>\n(Slovenian, Italian, English, German, Spanish, French, Dutch).<br \/>\nContact us for the DVD copy.<\/p>\n<p>Making-off:<br \/>\n<iframe loading=\"lazy\" width=\"500\" height=\"281\" src=\"https:\/\/www.youtube.com\/embed\/sV6VVAaYa4Y?feature=oembed\" frameborder=\"0\" allowfullscreen><\/iframe><\/p>\n<p>&nbsp;<\/p>\n<h5><a href=\"https:\/\/www.youtube.com\/watch?v=zoDICBSKZnQ\" target=\"_blank\">Think small. Think big.<\/a> (2015).<\/h5>\n<p>Documentary about the European Community and its impact on the local environment.<br \/>\n<iframe loading=\"lazy\" width=\"500\" height=\"281\" src=\"https:\/\/www.youtube.com\/embed\/zoDICBSKZnQ?feature=oembed\" frameborder=\"0\" allowfullscreen><\/iframe><br \/>\n&nbsp;<\/p>\n<h5><a href=\"https:\/\/www.youtube.com\/watch?v=m7sJgGJPGoY\" target=\"_blank\">Zaposlitveni potencial mladih &#8211; klju\u010dne kompetence za vse\u017eivljenjsko u\u010denje<\/a> (2014).<\/h5>\n<p>Video animation showing the possibilities of strengthening the employment potential of young people through the promotion of lifelong learning and the development of key competences.<br \/>\n<iframe loading=\"lazy\" width=\"500\" height=\"375\" src=\"https:\/\/www.youtube.com\/embed\/m7sJgGJPGoY?feature=oembed\" frameborder=\"0\" allowfullscreen><\/iframe><br \/>\n&nbsp;<\/p>\n<h5><a href=\"https:\/\/www.youtube.com\/watch?v=2wY3ol0B78s\" target=\"_blank\">Loesje crosses the Mediterranean.<\/a> (2013).<\/h5>\n<p>Loesje creative writing techniques and social activism in the Mediterranean.<br \/>\n<iframe loading=\"lazy\" width=\"500\" height=\"281\" src=\"https:\/\/www.youtube.com\/embed\/2wY3ol0B78s?feature=oembed\" frameborder=\"0\" allowfullscreen><\/iframe><br \/>\n&nbsp;<\/p>\n<h5><a href=\"https:\/\/vimeo.com\/29595748\" target=\"_blank\">Social impact of Art.<\/a> (2012).<\/h5>\n<p>Documentary about relation between art and politics, filmed at the Intermedia festival Oddstream.<br \/>\n<iframe loading=\"lazy\" src=\"https:\/\/player.vimeo.com\/video\/29595748\" width=\"500\" height=\"363\" frameborder=\"0\" title=\"Social impact of art - the short story\" webkitallowfullscreen mozallowfullscreen allowfullscreen><\/iframe><\/p>\n<div class='ctx-module-container ctx_default_placement ctx-clearfix'><\/div>\n<p><span class=\"ctx-article-root\"><!-- --><\/span><\/p>\n","protected":false},"excerpt":{"rendered":"<p>Get visible: Web. (2015). Educational animation video for youth centres. Get visible: Social media. (2015): click Get visible: Multimedia. (2015): click &nbsp; GLAS MLADIH. (2012). DVD of the Slovenian-Italian didactic films with subtitles in seven languages (Slovenian, Italian, English, German, Spanish, French, Dutch). Contact us for the DVD copy. Making-off:<\/p>\n","protected":false},"author":10,"featured_media":0,"parent":0,"menu_order":0,"comment_status":"closed","ping_status":"open","template":"","meta":{"_mi_skip_tracking":false},"tags":[],"_links":{"self":[{"href":"https:\/\/www.stara.pina.si\/en\/wp-json\/wp\/v2\/pages\/1422"}],"collection":[{"href":"https:\/\/www.stara.pina.si\/en\/wp-json\/wp\/v2\/pages"}],"about":[{"href":"https:\/\/www.stara.pina.si\/en\/wp-json\/wp\/v2\/types\/page"}],"author":[{"embeddable":true,"href":"https:\/\/www.stara.pina.si\/en\/wp-json\/wp\/v2\/users\/10"}],"replies":[{"embeddable":true,"href":"https:\/\/www.stara.pina.si\/en\/wp-json\/wp\/v2\/comments?post=1422"}],"version-history":[{"count":15,"href":"https:\/\/www.stara.pina.si\/en\/wp-json\/wp\/v2\/pages\/1422\/revisions"}],"predecessor-version":[{"id":3522,"href":"https:\/\/www.stara.pina.si\/en\/wp-json\/wp\/v2\/pages\/1422\/revisions\/3522"}],"wp:attachment":[{"href":"https:\/\/www.stara.pina.si\/en\/wp-json\/wp\/v2\/media?parent=1422"}],"wp:term":[{"taxonomy":"post_tag","embeddable":true,"href":"https:\/\/www.stara.pina.si\/en\/wp-json\/wp\/v2\/tags?post=1422"}],"curies":[{"name":"wp","href":"https:\/\/api.w.org\/{rel}","templated":true}]}}