{"id":449,"date":"2014-08-14T11:43:29","date_gmt":"2014-08-14T11:43:29","guid":{"rendered":"http:\/\/localhost\/philanthropy\/?page_id=449"},"modified":"2015-04-27T12:54:09","modified_gmt":"2015-04-27T12:54:09","slug":"in-the-press","status":"publish","type":"page","link":"https:\/\/www.stara.pina.si\/en\/in-the-press\/","title":{"rendered":"<span>In the Press<\/span>"},"content":{"rendered":"<p>\n<div class=\"wrap-press\"><a href=\"http:\/\/4d.rtvslo.si\/arhiv\/voli-in-izvoli\/174308571\" class=\"press-article\" style=\"background: url('https:\/\/www.stara.pina.si\/wp-content\/uploads\/2015\/04\/RTV-Slovenija-3-oddaja-Voli-in-izvoli-8.-12.-2014.jpg') no-repeat\">\r\n                                <h3>PiNA, socialno podjetni\u0161tvo in \u010drpanje evropskih sredstev<\/h3>\r\n                                <div class=\"divider\"><\/div>\r\n                                <p>\u201cTo, da je Bruselj tehnokrat, da je dosti administracije, po na\u0161ih izku\u0161njah ne dr\u017ei. Kar delamo ali direktno z Brusljem ali s predstavni\u0161tvom Evropske komisije ali Evropskega parlamenta, je zelo usmerjeno v vsebino, ustvarjajo se pogoji za normalno delovanje. Pri delu s slovenskimi ministrstvi pa je opazne ve\u010d administracije in manj fokusa na vsebini.\u201d (Vid Tratnik)<\/p>\r\n                                <span>RTV Slovenija 3, oddaja Voli in izvoli, 8. 12. 2014<\/span>\r\n                        <\/a><a href=\"http:\/\/4d.rtvslo.si\/arhiv\/naglas\/174329193\" class=\"press-article\" style=\"background: url('https:\/\/www.stara.pina.si\/wp-content\/uploads\/2015\/04\/RTV-Slovenija-oddaja-NaGlas-7.-4.-2015.jpg') no-repeat\">\r\n                                <h3>ENA.KOST zaklju\u010dna predstava<\/h3>\r\n                                <div class=\"divider\"><\/div>\r\n                                <p>\u201cNi\u010d od tega, kar smo odigrali, ni bilo naklju\u010dno. Vsi to tematiko poznajo, vendar jo redko gledajo neposredno.\u201d (Dalibor Samac)<\/p>\r\n                                <span>RTV Slovenija, oddaja NaGlas! 7. 4. 2015, od 01:08 minute dalje<\/span>\r\n                        <\/a><a href=\"http:\/\/www.primorske.si\/Plus\/7--Val\/Imeti-sluzbo-je-danes--privilegij\" class=\"press-article\" style=\"background: url('https:\/\/www.stara.pina.si\/wp-content\/uploads\/2015\/04\/Primorske-novice-7.-Val-20.-12.-2014.jpg') no-repeat\">\r\n                                <h3>ADD: Predstavitev rezultatov raziskave Mladi v obalnih ob\u010dinah.<\/h3>\r\n                                <div class=\"divider\"><\/div>\r\n                                <p>\u201c\u010cas je, da v Istri kon\u010dno postavimo temelje razvoja strategije za mlade. Strategijo potrebujemo, da imamo jasno za\u010drtano smer in cilje, ki jih \u017eelimo dose\u010di na podro\u010dju mladine. Pomembno je, da se klju\u010dni akterji poenotimo in skupaj sledimo ter delamo na zastavljenem.\u201d (Kaja Cunk)<\/p>\r\n                                <span>Primorske novice, 7. Val, 20. 12. 2014<\/span>\r\n                        <\/a><a href=\"http:\/\/4d.rtvslo.si\/arhiv\/dopoldan-in-pol\/174314604\" class=\"press-article\" style=\"background: url('https:\/\/www.stara.pina.si\/wp-content\/uploads\/2015\/04\/Radio-Koper-oddaja-Dopoldan-in-pol-15.-1.-2014.jpg') no-repeat\">\r\n                                <h3>\u017diva knji\u017enica v Ankaranu<\/h3>\r\n                                <div class=\"divider\"><\/div>\r\n                                <p>\u201cGre za inovativen na\u010din, ki obiskovalca soo\u010di z lastnimi predsodki in s stereotipnimi predstavami o ljudeh. Knjige v \u017divi knji\u017enici so namre\u010d predstavnice in predstavniki razli\u010dnih manj\u0161ih in dru\u017ebeno ogro\u017eenih skupin, ki so pripravljeni javno govoriti o svoji izku\u0161nji.\u201d\r\n<\/p>\r\n                                <span>Radio Koper, oddaja Dopoldan in pol, 15. 1. 2014 <\/span>\r\n                        <\/a><a href=\"http:\/\/ava.rtvslo.si\/predvajaj\/studio-city\/ava2.157691418\/\" class=\"press-article\" style=\"background: url('https:\/\/www.stara.pina.si\/wp-content\/uploads\/2015\/04\/RTV-Slovenija-oddaja-Studio-City-4.-2.-2013.jpg') no-repeat\">\r\n                                <h3>Glas mladih: o didakti\u010dnem filmu<\/h3>\r\n                                <div class=\"divider\"><\/div>\r\n                                <p>\u201cNa mladih svet stoji. Pika. Zato je potrebno indoktrinirati \u017ee mlade, da postanejo aktivni dr\u017eavljani. Zato le \u0161e poziv preostalim profesorjem: ta pripomo\u010dek je prava pot, da se politi\u010dno nezainteresirana mladina spreobrne v odgovorne volivce.\u201d (\u0160pela Ko\u017ear, RTV Slovenija)<\/p>\r\n                                <span>RTV Slovenija, oddaja Studio City, 4. 2. 2013, od 29:45 dalje<\/span>\r\n                        <\/a><a href=\"https:\/\/www.youtube.com\/watch?v=vOKXi4bfHPA&list=PL7voPrjrbROteSyL0nTtH-w5z-el_6GnC&index=2\" class=\"press-article\" style=\"background: url('https:\/\/www.stara.pina.si\/wp-content\/uploads\/2015\/04\/kronika-e1430339044264.jpg') no-repeat\">\r\n                                <h3>ADD: O mladih v obalnih ob\u010dinah<\/h3>\r\n                                <div class=\"divider\"><\/div>\r\n                                <p>\u201cNa podro\u010dju stanovanjske problematike je to izrazito neugoden prostor v Sloveniji, najemnine so ob\u010dutno dra\u017eje, prav tako pa se na obali \u017eal soo\u010damo z dosti ni\u017ejim \u0161tevilom postelj na \u0161tudenta, kar posledi\u010dno vpliva na cene stanovanj.\u201d (Kaja Cunk) <\/p>\r\n                                <span>TV Koper - Capodistria, gostovanje v oddaji Primorska kronika, 2. 1. 2015<\/span>\r\n                        <\/a><a href=\"http:\/\/primorske.si\/Novice\/Kultura\/Izis,-posvecen-Tomazu-Salamunu\" class=\"press-article\" style=\"background: url('https:\/\/www.stara.pina.si\/wp-content\/uploads\/2015\/04\/izis.jpg') no-repeat\">\r\n                                <h3>IZIS posve\u010den Toma\u017eu \u0160alamunu<\/h3>\r\n                                <div class=\"divider\"><\/div>\r\n                                <p>\u201cFestival Izis, ki \u017eeli v prostor slovenske Istre vnesti nekaj so\u010dasnega, urbanega, umetni\u0161kega dogajanja, je svoj vrhunec dosegel v soboto s fotografsko razstavo in videoprojekcijo projekta Deana Verzela in glasbenima nastopoma Luke Prin\u010di\u010da ter Juneshelen z vizualno spremljavo, ki jo je v \u017eivo izvajal dvojec Izland.\u201d<\/p>\r\n                                <span>Primorske novice, 30. 12. 2014<\/span>\r\n                        <\/a><a href=\"http:\/\/www.24ur.com\/novice\/slovenija\/je-feminizem-ze-prezivet-so-zenske-dejansko-enakovredne-moskim.html\" class=\"press-article\" style=\"background: url('https:\/\/www.stara.pina.si\/wp-content\/uploads\/2015\/04\/POP-TV-oddaja-Preverjeno-2.-12.-2014.jpg') no-repeat\">\r\n                                <h3>ADD: Varnost mladih \u017eensk<\/h3>\r\n                                <div class=\"divider\"><\/div>\r\n                                <p>\u201cNajprej so rekle: Koper je varen. Ko so v roke dobile zemljevide mestnega jedra in z barvicami ozna\u010devale ulice in predele, po katerih jim je neprijetno hoditi ali pa se jih izogibajo, so bile Primorke \u0161e same prenese\u010dene, koliko jih je.\u201d<\/p>\r\n                                <span>POP TV, oddaja Preverjeno, 2. 12. 2014<\/span>\r\n                        <\/a><a href=\"http:\/\/www.siol.net\/novice\/slovenija\/2014\/04\/zenske_v_politiki.aspx\" class=\"press-article\" style=\"background: url('https:\/\/www.stara.pina.si\/wp-content\/uploads\/2015\/04\/Planet-Siol.net-14.-4.-2014.jpg') no-repeat\">\r\n                                <h3>EU SI TI: Okrogla miza Mlade \u017eenske in politika<\/h3>\r\n                                <div class=\"divider\"><\/div>\r\n                                <p>\u00bbBojim se, da bo letos v evropski parlament pri\u0161lo malo \u017eensk, sploh pri nas, kjer je list veliko in le redkokatera bo dobila ve\u010d kot en sede\u017e, kar pomeni, da bo ve\u010dina slovenskih evroposlancev verjetno mo\u0161kih.\" (mag. Tanja Fajon)<\/p>\r\n                                <span>Planet Siol.net, 14. 4. 2014<\/span>\r\n                        <\/a><a href=\"http:\/\/ava.rtvslo.si\/predvajaj\/dobro-jutro-1-del\/ava2.174243905\/\" class=\"press-article\" style=\"background: url('https:\/\/www.stara.pina.si\/wp-content\/uploads\/2015\/04\/RTV-Slovenija-oddaja-Dobro-jutro-22.-10.-2013.jpg') no-repeat\">\r\n                                <h3>Kulturni inkubator: predstavitev projekta<\/h3>\r\n                                <div class=\"divider\"><\/div>\r\n                                <p>\u201cOdstotek pripadnikov drugih narodnih skupnosti, ki niso slovenske, je v regiji velik. Regija se je vedno progla\u0161ala za izredno odprto, multikulturno, vendar tej pripadniki nimajo urejenega pravno-formalnega statusa, zaradi \u010desar je manjko na podro\u010dju financiranja in priznavanja pravic.\u201d (Borut Jerman) <\/p>\r\n                                <span>RTV Slovenija, oddaja Dobro jutro, 22. 10. 2013, od 23:57 dalje<\/span>\r\n                        <\/a><\/div><\/p>\n<div class='ctx-module-container ctx_default_placement ctx-clearfix'><\/div>\n<p><span class=\"ctx-article-root\"><!-- --><\/span><\/p>\n","protected":false},"excerpt":{"rendered":"","protected":false},"author":10,"featured_media":0,"parent":0,"menu_order":0,"comment_status":"closed","ping_status":"closed","template":"","meta":{"_mi_skip_tracking":false},"tags":[],"_links":{"self":[{"href":"https:\/\/www.stara.pina.si\/en\/wp-json\/wp\/v2\/pages\/449"}],"collection":[{"href":"https:\/\/www.stara.pina.si\/en\/wp-json\/wp\/v2\/pages"}],"about":[{"href":"https:\/\/www.stara.pina.si\/en\/wp-json\/wp\/v2\/types\/page"}],"author":[{"embeddable":true,"href":"https:\/\/www.stara.pina.si\/en\/wp-json\/wp\/v2\/users\/10"}],"replies":[{"embeddable":true,"href":"https:\/\/www.stara.pina.si\/en\/wp-json\/wp\/v2\/comments?post=449"}],"version-history":[{"count":19,"href":"https:\/\/www.stara.pina.si\/en\/wp-json\/wp\/v2\/pages\/449\/revisions"}],"predecessor-version":[{"id":1527,"href":"https:\/\/www.stara.pina.si\/en\/wp-json\/wp\/v2\/pages\/449\/revisions\/1527"}],"wp:attachment":[{"href":"https:\/\/www.stara.pina.si\/en\/wp-json\/wp\/v2\/media?parent=449"}],"wp:term":[{"taxonomy":"post_tag","embeddable":true,"href":"https:\/\/www.stara.pina.si\/en\/wp-json\/wp\/v2\/tags?post=449"}],"curies":[{"name":"wp","href":"https:\/\/api.w.org\/{rel}","templated":true}]}}